{"id":416,"date":"2020-06-22T08:31:01","date_gmt":"2020-06-22T05:31:01","guid":{"rendered":"https:\/\/galinikea.gr\/index.php\/tour-a-proposito-di-pisses\/"},"modified":"2020-07-15T10:24:55","modified_gmt":"2020-07-15T07:24:55","slug":"tour-a-proposito-di-pisses","status":"publish","type":"page","link":"https:\/\/galinikea.gr\/?page_id=416&lang=it","title":{"rendered":"Tour A proposito di Pisses"},"content":{"rendered":"\t\t<div data-elementor-type=\"wp-page\" data-elementor-id=\"416\" class=\"elementor elementor-416\">\n\t\t\t\t\t\t<section class=\"elementor-section elementor-top-section elementor-element elementor-element-cf55c2d elementor-section-boxed elementor-section-height-default elementor-section-height-default\" data-id=\"cf55c2d\" data-element_type=\"section\" data-e-type=\"section\">\n\t\t\t\t\t\t<div class=\"elementor-container elementor-column-gap-default\">\n\t\t\t\t\t<div class=\"elementor-column elementor-col-100 elementor-top-column elementor-element elementor-element-11ecdba\" data-id=\"11ecdba\" data-element_type=\"column\" data-e-type=\"column\">\n\t\t\t<div class=\"elementor-widget-wrap elementor-element-populated\">\n\t\t\t\t\t\t<div class=\"elementor-element elementor-element-c11b299 elementor-widget elementor-widget-image\" data-id=\"c11b299\" data-element_type=\"widget\" data-e-type=\"widget\" data-widget_type=\"image.default\">\n\t\t\t\t<div class=\"elementor-widget-container\">\n\t\t\t\t\t\t\t\t\t\t\t\t\t\t\t<img fetchpriority=\"high\" decoding=\"async\" width=\"768\" height=\"518\" src=\"https:\/\/galinikea.gr\/wp-content\/uploads\/2020\/07\/\u03a0\u039f\u0399\u03a3\u03a3\u0395\u03a3-768x518.jpg\" class=\"attachment-medium_large size-medium_large wp-image-538\" alt=\"\" srcset=\"https:\/\/galinikea.gr\/wp-content\/uploads\/2020\/07\/\u03a0\u039f\u0399\u03a3\u03a3\u0395\u03a3-768x518.jpg 768w, https:\/\/galinikea.gr\/wp-content\/uploads\/2020\/07\/\u03a0\u039f\u0399\u03a3\u03a3\u0395\u03a3-500x337.jpg 500w, https:\/\/galinikea.gr\/wp-content\/uploads\/2020\/07\/\u03a0\u039f\u0399\u03a3\u03a3\u0395\u03a3-1280x864.jpg 1280w, https:\/\/galinikea.gr\/wp-content\/uploads\/2020\/07\/\u03a0\u039f\u0399\u03a3\u03a3\u0395\u03a3-1536x1037.jpg 1536w, https:\/\/galinikea.gr\/wp-content\/uploads\/2020\/07\/\u03a0\u039f\u0399\u03a3\u03a3\u0395\u03a3-2048x1382.jpg 2048w\" sizes=\"(max-width: 768px) 100vw, 768px\" \/>\t\t\t\t\t\t\t\t\t\t\t\t\t\t\t<\/div>\n\t\t\t\t<\/div>\n\t\t\t\t\t<\/div>\n\t\t<\/div>\n\t\t\t\t\t<\/div>\n\t\t<\/section>\n\t\t\t\t<section class=\"elementor-section elementor-top-section elementor-element elementor-element-401427a elementor-section-stretched elementor-section-boxed elementor-section-height-default elementor-section-height-default\" data-id=\"401427a\" data-element_type=\"section\" data-e-type=\"section\" data-settings=\"{&quot;stretch_section&quot;:&quot;section-stretched&quot;}\">\n\t\t\t\t\t\t<div class=\"elementor-container elementor-column-gap-default\">\n\t\t\t\t\t<div class=\"elementor-column elementor-col-100 elementor-top-column elementor-element elementor-element-8fa404d\" data-id=\"8fa404d\" data-element_type=\"column\" data-e-type=\"column\">\n\t\t\t<div class=\"elementor-widget-wrap elementor-element-populated\">\n\t\t\t\t\t\t<div class=\"elementor-element elementor-element-ab60d6c elementor-widget elementor-widget-heading\" data-id=\"ab60d6c\" data-element_type=\"widget\" data-e-type=\"widget\" data-widget_type=\"heading.default\">\n\t\t\t\t<div class=\"elementor-widget-container\">\n\t\t\t\t\t<h1 class=\"elementor-heading-title elementor-size-default\">Tour A proposito di Pisses<\/h1>\t\t\t\t<\/div>\n\t\t\t\t<\/div>\n\t\t\t\t<div class=\"elementor-element elementor-element-565d82e elementor-widget elementor-widget-text-editor\" data-id=\"565d82e\" data-element_type=\"widget\" data-e-type=\"widget\" data-widget_type=\"text-editor.default\">\n\t\t\t\t<div class=\"elementor-widget-container\">\n\t\t\t\t\t\t\t\t\t<p>Dopo aver coperto un meraviglioso corso da Korissia o Ioulida, pieno di immagini di bellezza selvaggia che combinano le meraviglie della natura con il paesaggio &#8220;barren&#8221;, notando a volte i vari alberi in fiore, le piante arbustive, i fiori selvatici e altre volte le caratteristiche rive in pietra con muri a secco, la terra fertile e le acque blu-blu della spiaggia sabbiosa di Pisses spalancate davanti ai vostri occhi e benvenuti. Stiamo parlando di un&#8217;area di grandi risorse naturali e di un importante background storico.<\/p>\n<p>Pisses \u00e8 un luogo verde brillante, ricoperto da frutteti e coltivazioni di ogni tipo di alberi fruttiferi, \u00e8 considerato uno dei pi\u00f9 densamente popolati, ma anche uno degli insediamenti pi\u00f9 significativi dell&#8217;isola in termini di storia. Quando si visita questa ricca terra, non mancare di assaporare i suoi frutti, come il nostro territorio con i suoi tradizionali e celebrati giardinieri di mercato, fornisce la maggior parte della popolazione della nostra isola con frutta e verdura di qualit\u00e0 eccezionale.<\/p>\n<p>Se siete appassionati escursionisti vi proponiamo di camminare attraverso il sentiero: Panachra-Saint Marina-Pisses-Beach of Pisses o Kato Meria-Pisses-Beach of Pisses. Questo percorso specifico \u00e8 il dodicesimo tracciato e registrato come Poiiessa e appartiene a &#8220;i sentieri di interesse culturale&#8221; \/www.kea-paths.gr. Questo itinerario vi compenser\u00e0 sicuramente, come si attraversano regioni di particolare interesse archeologico, come la Torre di Santa Marina, lati rocciosi di montagna di ineguagliabile bellezza, frutteti verdi luminosi e si finir\u00e0 infine nel meraviglioso mare di Pisses.<\/p>\n<p>Ami la storia? Basta seguire un sentiero unico nel &#8220;passato&#8221; e viaggiare attraverso le reliquie storiche nell&#8217;antica Poiiessa, che era una delle quattro antiche citt\u00e0-stato dell&#8217;isola. Questa citt\u00e0 era principalmente agricola a causa della sua posizione sul lato meridionale della valle fertile.<\/p>\n<p>L&#8217;antica Poiiessa, la cui porta si trova sul lato orientale, \u00e8 circondata sugli altri terreni con torri che completano la fortificazione. Nella sua parte interna si possono discernere chiaramente alcune reliquie, caratteristico campione della sua antica abitazione, mentre sul lato nord della valle si sar\u00e0 in grado di camminare intorno al luogo, dove i cimiteri della citt\u00e0 erano precedentemente situati. La connessione del passato con il presente \u00e8 fatta in modo peculiare e strano come la Chiesa della Beata Vergine-La Trasfigurazione di Cristo non solo \u00e8 posto proprio sul luogo dove in passato dominava l&#8217;Acropoli e il tempio di Apollo, ma \u00e8 anche costruito con gli stessi materiali strutturali antichi. La vista dalla cima della collina \u00e8 mozzafiato. Ammirate il mare aperto sconfinato.<\/p>\n<p>Se guardate verso il basso, in realt\u00e0 scendete la splendida riva di Pisses, mentre se guardate verso ovest, noterete esattamente sui quarti opposti, su un&#8217;altra collina in linea retta, un altro tempio molto imponente dell&#8217;antichit\u00e0, il tempio di Poseidone a Sounio.<br \/>Obiettivo di essere presente nella regione di Pisses il 6 agosto. Non dare via la tua migliore occasione per partecipare al servizio divino che si celebra presso la cappella e poi partecipare pienamente alla tradizionale festa di Tzia che segue e si svolge sulla spiaggia.<\/p>\n<p>Dopo aver completato il vostro breve &#8220;viaggio&#8221; nel passato, potrete godervi momenti di rilassamento e di ristorazione che la bellezza della spiaggia di Pisses offre sulle sue sabbie dorate. Rilassati bevendo il caff\u00e8 o il rinfresco all&#8217;ombra di uno degli alberi lungo la riva, in uno degli ombrelloni pubblici o in uno degli ombrelloni privati e delle comode sedie a sdraio, poich\u00e9 una parte della spiaggia \u00e8 organizzata e tuffati nelle acque cristalline e blu profondo.<\/p>\n<p>La riva del mare di Pisses \u00e8 anche un luogo ideale per ammirare il tramonto idilliaco, mentre la sera presto ci si pu\u00f2 sedere nel piccolo molo pittoresco, rilassandosi sotto i suoni rilassanti del mare o anche mettere alla prova le vostre abilit\u00e0 di pesca.<\/p>\n<p>Per tutti coloro che desiderano avere un let-up durante il vostro viaggio, si pu\u00f2 trovare riparo presso il golfo di Pisses che \u00e8 l&#8217;ancoraggio perfetto per mestieri di piccole dimensioni nel piccolo molo o per pi\u00f9 grandi mestieri di piacere che hanno piccoli wherries, al fine di andare a terra.<\/p>\n\t\t\t\t\t\t\t\t<\/div>\n\t\t\t\t<\/div>\n\t\t\t\t<div class=\"elementor-element elementor-element-d1cbe51 elementor-widget elementor-widget-heading\" data-id=\"d1cbe51\" data-element_type=\"widget\" data-e-type=\"widget\" data-widget_type=\"heading.default\">\n\t\t\t\t<div class=\"elementor-widget-container\">\n\t\t\t\t\t<h1 class=\"elementor-heading-title elementor-size-default\">........................ E vagare nei terreni vicini<\/h1>\t\t\t\t<\/div>\n\t\t\t\t<\/div>\n\t\t\t\t<div class=\"elementor-element elementor-element-efa0ffc elementor-widget elementor-widget-heading\" data-id=\"efa0ffc\" data-element_type=\"widget\" data-e-type=\"widget\" data-widget_type=\"heading.default\">\n\t\t\t\t<div class=\"elementor-widget-container\">\n\t\t\t\t\t<h1 class=\"elementor-heading-title elementor-size-default\">\nSeguendo la strada da Pisses verso Kato Meria\n<\/h1>\t\t\t\t<\/div>\n\t\t\t\t<\/div>\n\t\t\t\t<div class=\"elementor-element elementor-element-f464d5d elementor-widget elementor-widget-heading\" data-id=\"f464d5d\" data-element_type=\"widget\" data-e-type=\"widget\" data-widget_type=\"heading.default\">\n\t\t\t\t<div class=\"elementor-widget-container\">\n\t\t\t\t\t<h1 class=\"elementor-heading-title elementor-size-default\">\nSeguendo la strada da Pisses verso Kato Meria\n<\/h1>\t\t\t\t<\/div>\n\t\t\t\t<\/div>\n\t\t\t\t<div class=\"elementor-element elementor-element-c767d9a elementor-widget elementor-widget-heading\" data-id=\"c767d9a\" data-element_type=\"widget\" data-e-type=\"widget\" data-widget_type=\"heading.default\">\n\t\t\t\t<div class=\"elementor-widget-container\">\n\t\t\t\t\t<h1 class=\"elementor-heading-title elementor-size-default\">Koundouros <\/h1>\t\t\t\t<\/div>\n\t\t\t\t<\/div>\n\t\t\t\t<div class=\"elementor-element elementor-element-f628fa3 elementor-widget elementor-widget-text-editor\" data-id=\"f628fa3\" data-element_type=\"widget\" data-e-type=\"widget\" data-widget_type=\"text-editor.default\">\n\t\t\t\t<div class=\"elementor-widget-container\">\n\t\t\t\t\t\t\t\t\t<p><strong>Koundouros<\/strong> \u00e8 un quartiere di squisita bellezza combinata con un&#8217;atmosfera cosmopolita. Le residenze di campagna in pietra attireranno sicuramente la vostra attenzione. Queste abitazioni sono rinomate per l&#8217;imponente architettura e sono pienamente in sintonia con il paesaggio tradizionale, la riva del mare di Koundouros, una delle pi\u00f9 popolari dell&#8217;isola, che ha vinto diverse distinzioni, soprattutto negli ultimi anni, con il premio di &#8220;Bandiera Blu&#8221; per le sue acque limpide, cos\u00ec come per la sua rappresentazione dei servizi (ad esempio ombrelloni, sedie a sdraio, con il premio di &#8220;Bandiera Blu&#8221; per le sue acque limpide, cos\u00ec come per la sua resa dei servizi (ad esempio ombrelloni, sedie a sdraio , caff\u00e8, bar sulla spiaggia, ristorante, bagnino). Dopo la pittoresca cappella di Sant&#8217;Emilianos e la spiaggia di Koundouros, vedrete anche la meravigliosa e particolare spiaggia di Bouri in cui, oltre agli ombrelloni e alle sedie a sdraio, avrete anche la possibilit\u00e0 di fare vari sport marini. Proseguendo il percorso sulla strada costiera, troverete un gran numero di altre spiagge, meno popolari ma caratterizzate da una grande bellezza, come Lighia, Kampi, dove c&#8217;\u00e8 anche una taverna, Liparo, scegliendo ogni volta il tour proprio, dove si preferisce nuotare.<\/p>\n\t\t\t\t\t\t\t\t<\/div>\n\t\t\t\t<\/div>\n\t\t\t\t<div class=\"elementor-element elementor-element-a181c59 elementor-widget elementor-widget-heading\" data-id=\"a181c59\" data-element_type=\"widget\" data-e-type=\"widget\" data-widget_type=\"heading.default\">\n\t\t\t\t<div class=\"elementor-widget-container\">\n\t\t\t\t\t<h1 class=\"elementor-heading-title elementor-size-default\">Karthea<\/h1>\t\t\t\t<\/div>\n\t\t\t\t<\/div>\n\t\t\t\t<div class=\"elementor-element elementor-element-710baef elementor-widget elementor-widget-text-editor\" data-id=\"710baef\" data-element_type=\"widget\" data-e-type=\"widget\" data-widget_type=\"text-editor.default\">\n\t\t\t\t<div class=\"elementor-widget-container\">\n\t\t\t\t\t\t\t\t\t<p>Organizza un viaggio di un giorno e visita <strong><u>Karthea!<\/u><\/p>\n<p><\/strong><br \/>\u00c8 possibile raggiungere questa regione seguendo molti itinerari. Il pi\u00f9 famoso ha il suo posto di partenza a Stavroudaki. Si sale fino a quel punto in auto, e da quel punto in poi, dopo 400m di terra-strada, si prende l&#8217;antica pista lastricata di pietra che vi condurr\u00e0 fino alla spiaggia di Karthea, che \u00e8 di ineguagliabile bellezza. Questa particolare corsia appartiene a &#8220;i sentieri di interesse culturale&#8221;, \u00e8 tracciata e registrata come <strong><br \/>\n  <u>Percorso 6, &#8220;Rete Karthea&#8221; Stavroudaki-Halkidio-Vathipotamos primavera-Karthea.<\/u><br \/>\n<\/strong> Ci sono anche altre strade da seguire: <strong><br \/>\n  <u>Percorso 5 &#8220;Rete Karthea&#8221;, Kato Meria-Kalodouka-Vathipotamos spring-Karthea<\/u><br \/>\n<\/strong>, cos\u00ec come <strong><br \/>\n  <u>Path 7, &#8220;Karthea network&#8221;, Chavouna-Saint Taxiarchis-Pigadaki-Kaliskia-Karthea<\/u><br \/>\n<\/strong>. Qualunque sia la strada che si pu\u00f2 scegliere, sarete incantati con la natura selvaggia cos\u00ec come dal glamour che questo territorio ha trasudato dai tempi antichi fino ad oggi. Appena arrivati a Karthea si pu\u00f2 benissimo riposare fermandosi alla Cappella della Vergine Maria e nuotando nelle magnifiche acque della spiaggia sabbiosa.<br \/>Dopo aver riposato, esplorare la zona! Karthea era una delle quattro citt\u00e0-stato che esistevano a Kea durante i tempi antichi. Osservate che all&#8217;estremit\u00e0 sud dell&#8217;ascesa si trovano a nord, il tempio di Atena, a sud, il tempio di Apollo. Nella valle di Vathipotamos, c&#8217;\u00e8 un teatro e parte del sistema di approvvigionamento idrico della citt\u00e0. All&#8217;estremit\u00e0 orientale dell&#8217;Acropoli, vedrete il luogo di sepoltura.<\/p>\n\t\t\t\t\t\t\t\t<\/div>\n\t\t\t\t<\/div>\n\t\t\t\t<div class=\"elementor-element elementor-element-163acd3 elementor-widget elementor-widget-heading\" data-id=\"163acd3\" data-element_type=\"widget\" data-e-type=\"widget\" data-widget_type=\"heading.default\">\n\t\t\t\t<div class=\"elementor-widget-container\">\n\t\t\t\t\t<h1 class=\"elementor-heading-title elementor-size-default\">Kato Meria<\/h1>\t\t\t\t<\/div>\n\t\t\t\t<\/div>\n\t\t\t\t<div class=\"elementor-element elementor-element-b121d61 elementor-widget elementor-widget-text-editor\" data-id=\"b121d61\" data-element_type=\"widget\" data-e-type=\"widget\" data-widget_type=\"text-editor.default\">\n\t\t\t\t<div class=\"elementor-widget-container\">\n\t\t\t\t\t\t\t\t\t<p>Se si desidera avere un assaggio dell&#8217;aria aperta di Tzia e della vita agraria dell&#8217;isola, basta visitare <strong><br>  <u>l&#8217;insediamento di Kato Meria<\/u><br><\/strong>. Questo luogo porter\u00e0 in mente le immagini di un&#8217;immagine tradizionale, come c&#8217;\u00e8 la piazza centrale e intorno a questo, c&#8217;\u00e8 <strong><br>  <u>la chiesa quanta di St.Nikolas<\/u><br><\/strong>, la scuola primaria insieme alla scuola materna, un piccolo negozio di alimentari, un bar-off tradizionale e una taverna. Gli abitanti si occupano principalmente di allevamento e agricoltura e molti di loro producono beni locali di qualit\u00e0 eccezionale, che si ha la possibilit\u00e0 di ottenere. All&#8217;interno dell&#8217;insediamento di Kato Meria, a circa 600 m a 700 m dalla piazza del paese, si pu\u00f2 visitare <strong><u>la chiesa di Sant&#8217;Apostoli.<\/u><\/strong><\/p><strong>\n<\/strong><p><strong><\/strong> Si pu\u00f2 anche fare una visita alla&nbsp;&nbsp;<strong><u>chiesa di St. Timotheos,&nbsp;<\/u><\/strong>a 2 km da Kato Meria. Proprio l\u00ec domina la chiesa di ritmo bizantino di nuova costruzione accanto alla <strong><br>  <u>grotta&nbsp;<\/u><\/strong>dove il Santo ha usato per condurre la vita di un ermino per tutta l&#8217;estate e da cui sgorga acqua pura.&nbsp;Procedi e dirigerti verso Ioulida, fai un diversivo all&#8217;incrocio verso <strong><u>St. Symeon.<\/u><\/strong><\/p><strong>\n<\/strong><p><strong><\/strong> Un po &#8216;pi\u00f9 tardi, sarete affascinati dall&#8217;immagine della Cappella di S. S. Supremo (che \u00e8 onorato con una gloriosa fiera ogni 1 settembre), che si trova sulla collina omonima, mentre in salita vi sentirete sicuramente una grande ammirazione per la splendida vista sul mare aperto e per la semplicit\u00e0 delle case rurali bianche. Seguendo il canalone che attraversa l&#8217;ascesa, si pu\u00f2 andare alla spiaggia solitaria di San Filippo. <br>Tornando verso la strada centrale, dopo alcuni chilometri, si vede Pera Meria. Se sei un amante della natura, ti consigliamo di passeggiare per la regione. Ci si sta andando a trovare <strong><u>foreste boscose con querce&nbsp;<\/u><\/strong>o le cosiddette Driad (una sorta di quercia reale) come li chiamano gli abitanti di Tzia. Nei tempi pi\u00f9 antichi, la raccolta di queste querce, era la principale fonte di reddito per una famiglia a Tzia. Dalla zona di Pera Meria sarete infilati nei ricongiallenze delle meravigliose spiagge di <strong><u>Sikamia&nbsp;<\/u><\/strong><span style=\"font-size: 15px;\">e <\/span><strong style=\"font-size: 15px;\"><u>Kalidonichi.<\/u><\/strong><\/p><strong>\n<\/strong><p><strong><\/strong><\/p>\n<p><strong>Seguendo la strada da Pisses verso Ioulida<\/strong><\/p>\t\t\t\t\t\t\t\t<\/div>\n\t\t\t\t<\/div>\n\t\t\t\t<div class=\"elementor-element elementor-element-9cbbe60 elementor-widget elementor-widget-heading\" data-id=\"9cbbe60\" data-element_type=\"widget\" data-e-type=\"widget\" data-widget_type=\"heading.default\">\n\t\t\t\t<div class=\"elementor-widget-container\">\n\t\t\t\t\t<h1 class=\"elementor-heading-title elementor-size-default\">Santa Marina<\/h1>\t\t\t\t<\/div>\n\t\t\t\t<\/div>\n\t\t\t\t<div class=\"elementor-element elementor-element-38e08e3 elementor-widget elementor-widget-text-editor\" data-id=\"38e08e3\" data-element_type=\"widget\" data-e-type=\"widget\" data-widget_type=\"text-editor.default\">\n\t\t\t\t<div class=\"elementor-widget-container\">\n\t\t\t\t\t\t\t\t\t<p>Lungo il percorso per Ioulida, sempre in movimento sulla strada principale, si distingue da lontano <strong><u>la torre di San Marina\u00a0<\/u><\/strong>che si affaccia sul parco, accanto al quale si trova l&#8217;omonimo Monastero bizantino. Procedere, dal quartiere di Sklavonikola si possono visitare le spiagge di <strong><u>Kalogyros\u00a0<\/u><\/strong>e\u00a0\u00a0<strong><u>Vroskopos<\/u><br \/><\/strong>.<\/p>\t\t\t\t\t\t\t\t<\/div>\n\t\t\t\t<\/div>\n\t\t\t\t\t<\/div>\n\t\t<\/div>\n\t\t\t\t\t<\/div>\n\t\t<\/section>\n\t\t\t\t<\/div>\n\t\t","protected":false},"excerpt":{"rendered":"<p>Tour A proposito di Pisses Dopo aver coperto un meraviglioso corso da Korissia o Ioulida, pieno di immagini di bellezza selvaggia che combinano le meraviglie della natura con il paesaggio &#8220;barren&#8221;, notando a volte i vari alberi in fiore, le piante arbustive, i fiori selvatici e altre volte le caratteristiche rive in pietra con muri [&hellip;]<\/p>\n","protected":false},"author":1,"featured_media":0,"parent":0,"menu_order":0,"comment_status":"closed","ping_status":"closed","template":"","meta":{"site-sidebar-layout":"no-sidebar","site-content-layout":"plain-container","ast-site-content-layout":"default","site-content-style":"default","site-sidebar-style":"default","ast-global-header-display":"","ast-banner-title-visibility":"","ast-main-header-display":"","ast-hfb-above-header-display":"","ast-hfb-below-header-display":"","ast-hfb-mobile-header-display":"","site-post-title":"","ast-breadcrumbs-content":"","ast-featured-img":"","footer-sml-layout":"","ast-disable-related-posts":"","theme-transparent-header-meta":"default","adv-header-id-meta":"","stick-header-meta":"","header-above-stick-meta":"","header-main-stick-meta":"","header-below-stick-meta":"","astra-migrate-meta-layouts":"default","ast-page-background-enabled":"default","ast-page-background-meta":{"desktop":{"background-color":"","background-image":"","background-repeat":"repeat","background-position":"center center","background-size":"auto","background-attachment":"scroll","background-type":"","background-media":"","overlay-type":"","overlay-color":"","overlay-opacity":"","overlay-gradient":""},"tablet":{"background-color":"","background-image":"","background-repeat":"repeat","background-position":"center center","background-size":"auto","background-attachment":"scroll","background-type":"","background-media":"","overlay-type":"","overlay-color":"","overlay-opacity":"","overlay-gradient":""},"mobile":{"background-color":"","background-image":"","background-repeat":"repeat","background-position":"center center","background-size":"auto","background-attachment":"scroll","background-type":"","background-media":"","overlay-type":"","overlay-color":"","overlay-opacity":"","overlay-gradient":""}},"ast-content-background-meta":{"desktop":{"background-color":"var(--ast-global-color-5)","background-image":"","background-repeat":"repeat","background-position":"center center","background-size":"auto","background-attachment":"scroll","background-type":"","background-media":"","overlay-type":"","overlay-color":"","overlay-opacity":"","overlay-gradient":""},"tablet":{"background-color":"var(--ast-global-color-5)","background-image":"","background-repeat":"repeat","background-position":"center center","background-size":"auto","background-attachment":"scroll","background-type":"","background-media":"","overlay-type":"","overlay-color":"","overlay-opacity":"","overlay-gradient":""},"mobile":{"background-color":"var(--ast-global-color-5)","background-image":"","background-repeat":"repeat","background-position":"center center","background-size":"auto","background-attachment":"scroll","background-type":"","background-media":"","overlay-type":"","overlay-color":"","overlay-opacity":"","overlay-gradient":""}},"footnotes":""},"class_list":["post-416","page","type-page","status-publish","hentry"],"_links":{"self":[{"href":"https:\/\/galinikea.gr\/index.php?rest_route=\/wp\/v2\/pages\/416","targetHints":{"allow":["GET"]}}],"collection":[{"href":"https:\/\/galinikea.gr\/index.php?rest_route=\/wp\/v2\/pages"}],"about":[{"href":"https:\/\/galinikea.gr\/index.php?rest_route=\/wp\/v2\/types\/page"}],"author":[{"embeddable":true,"href":"https:\/\/galinikea.gr\/index.php?rest_route=\/wp\/v2\/users\/1"}],"replies":[{"embeddable":true,"href":"https:\/\/galinikea.gr\/index.php?rest_route=%2Fwp%2Fv2%2Fcomments&post=416"}],"version-history":[{"count":8,"href":"https:\/\/galinikea.gr\/index.php?rest_route=\/wp\/v2\/pages\/416\/revisions"}],"predecessor-version":[{"id":672,"href":"https:\/\/galinikea.gr\/index.php?rest_route=\/wp\/v2\/pages\/416\/revisions\/672"}],"wp:attachment":[{"href":"https:\/\/galinikea.gr\/index.php?rest_route=%2Fwp%2Fv2%2Fmedia&parent=416"}],"curies":[{"name":"wp","href":"https:\/\/api.w.org\/{rel}","templated":true}]}}